{"id":263885,"date":"2021-10-08T08:39:08","date_gmt":"2021-10-08T08:39:08","guid":{"rendered":"http:\/\/osavdomedjedovic.mojaskola.org\/?page_id=263885"},"modified":"2023-12-20T14:20:20","modified_gmt":"2023-12-20T14:20:20","slug":"ljetopis-3","status":"publish","type":"page","link":"https:\/\/osavdomedjedovic.mojaskola.org\/?page_id=263885","title":{"rendered":"Ljetopis"},"content":{"rendered":"<p>[et_pb_section bb_built=&#8221;1&#8243; admin_label=&#8221;section&#8221; _builder_version=&#8221;4.16&#8243; global_colors_info=&#8221;{}&#8221;][et_pb_row admin_label=&#8221;row&#8221; _builder_version=&#8221;4.16&#8243; background_size=&#8221;initial&#8221; background_position=&#8221;top_left&#8221; background_repeat=&#8221;repeat&#8221; global_colors_info=&#8221;{}&#8221;][et_pb_column type=&#8221;4_4&#8243; _builder_version=&#8221;4.16&#8243; custom_padding=&#8221;|||&#8221; global_colors_info=&#8221;{}&#8221; custom_padding__hover=&#8221;|||&#8221;][et_pb_text _builder_version=&#8221;4.23.1&#8243; background_size=&#8221;initial&#8221; background_position=&#8221;top_left&#8221; background_repeat=&#8221;repeat&#8221; global_colors_info=&#8221;{}&#8221; background_pattern_color=&#8221;rgba(0,0,0,0.2)&#8221; background_mask_color=&#8221;#ffffff&#8221; text_text_shadow_horizontal_length=&#8221;text_text_shadow_style,%91object Object%93&#8243; text_text_shadow_horizontal_length_tablet=&#8221;0px&#8221; text_text_shadow_vertical_length=&#8221;text_text_shadow_style,%91object Object%93&#8243; text_text_shadow_vertical_length_tablet=&#8221;0px&#8221; text_text_shadow_blur_strength=&#8221;text_text_shadow_style,%91object Object%93&#8243; text_text_shadow_blur_strength_tablet=&#8221;1px&#8221; link_text_shadow_horizontal_length=&#8221;link_text_shadow_style,%91object Object%93&#8243; link_text_shadow_horizontal_length_tablet=&#8221;0px&#8221; link_text_shadow_vertical_length=&#8221;link_text_shadow_style,%91object Object%93&#8243; link_text_shadow_vertical_length_tablet=&#8221;0px&#8221; link_text_shadow_blur_strength=&#8221;link_text_shadow_style,%91object Object%93&#8243; link_text_shadow_blur_strength_tablet=&#8221;1px&#8221; ul_text_shadow_horizontal_length=&#8221;ul_text_shadow_style,%91object Object%93&#8243; ul_text_shadow_horizontal_length_tablet=&#8221;0px&#8221; ul_text_shadow_vertical_length=&#8221;ul_text_shadow_style,%91object Object%93&#8243; ul_text_shadow_vertical_length_tablet=&#8221;0px&#8221; ul_text_shadow_blur_strength=&#8221;ul_text_shadow_style,%91object Object%93&#8243; ul_text_shadow_blur_strength_tablet=&#8221;1px&#8221; ol_text_shadow_horizontal_length=&#8221;ol_text_shadow_style,%91object Object%93&#8243; ol_text_shadow_horizontal_length_tablet=&#8221;0px&#8221; ol_text_shadow_vertical_length=&#8221;ol_text_shadow_style,%91object Object%93&#8243; ol_text_shadow_vertical_length_tablet=&#8221;0px&#8221; ol_text_shadow_blur_strength=&#8221;ol_text_shadow_style,%91object Object%93&#8243; ol_text_shadow_blur_strength_tablet=&#8221;1px&#8221; quote_text_shadow_horizontal_length=&#8221;quote_text_shadow_style,%91object Object%93&#8243; quote_text_shadow_horizontal_length_tablet=&#8221;0px&#8221; quote_text_shadow_vertical_length=&#8221;quote_text_shadow_style,%91object Object%93&#8243; quote_text_shadow_vertical_length_tablet=&#8221;0px&#8221; quote_text_shadow_blur_strength=&#8221;quote_text_shadow_style,%91object Object%93&#8243; quote_text_shadow_blur_strength_tablet=&#8221;1px&#8221; header_text_shadow_horizontal_length=&#8221;header_text_shadow_style,%91object Object%93&#8243; header_text_shadow_horizontal_length_tablet=&#8221;0px&#8221; header_text_shadow_vertical_length=&#8221;header_text_shadow_style,%91object Object%93&#8243; header_text_shadow_vertical_length_tablet=&#8221;0px&#8221; header_text_shadow_blur_strength=&#8221;header_text_shadow_style,%91object Object%93&#8243; header_text_shadow_blur_strength_tablet=&#8221;1px&#8221; header_2_text_shadow_horizontal_length=&#8221;header_2_text_shadow_style,%91object Object%93&#8243; header_2_text_shadow_horizontal_length_tablet=&#8221;0px&#8221; header_2_text_shadow_vertical_length=&#8221;header_2_text_shadow_style,%91object Object%93&#8243; header_2_text_shadow_vertical_length_tablet=&#8221;0px&#8221; header_2_text_shadow_blur_strength=&#8221;header_2_text_shadow_style,%91object Object%93&#8243; header_2_text_shadow_blur_strength_tablet=&#8221;1px&#8221; header_3_text_shadow_horizontal_length=&#8221;header_3_text_shadow_style,%91object Object%93&#8243; header_3_text_shadow_horizontal_length_tablet=&#8221;0px&#8221; header_3_text_shadow_vertical_length=&#8221;header_3_text_shadow_style,%91object Object%93&#8243; header_3_text_shadow_vertical_length_tablet=&#8221;0px&#8221; header_3_text_shadow_blur_strength=&#8221;header_3_text_shadow_style,%91object Object%93&#8243; header_3_text_shadow_blur_strength_tablet=&#8221;1px&#8221; header_4_text_shadow_horizontal_length=&#8221;header_4_text_shadow_style,%91object Object%93&#8243; header_4_text_shadow_horizontal_length_tablet=&#8221;0px&#8221; header_4_text_shadow_vertical_length=&#8221;header_4_text_shadow_style,%91object Object%93&#8243; header_4_text_shadow_vertical_length_tablet=&#8221;0px&#8221; header_4_text_shadow_blur_strength=&#8221;header_4_text_shadow_style,%91object Object%93&#8243; header_4_text_shadow_blur_strength_tablet=&#8221;1px&#8221; header_5_text_shadow_horizontal_length=&#8221;header_5_text_shadow_style,%91object Object%93&#8243; header_5_text_shadow_horizontal_length_tablet=&#8221;0px&#8221; header_5_text_shadow_vertical_length=&#8221;header_5_text_shadow_style,%91object Object%93&#8243; header_5_text_shadow_vertical_length_tablet=&#8221;0px&#8221; header_5_text_shadow_blur_strength=&#8221;header_5_text_shadow_style,%91object Object%93&#8243; header_5_text_shadow_blur_strength_tablet=&#8221;1px&#8221; header_6_text_shadow_horizontal_length=&#8221;header_6_text_shadow_style,%91object Object%93&#8243; header_6_text_shadow_horizontal_length_tablet=&#8221;0px&#8221; header_6_text_shadow_vertical_length=&#8221;header_6_text_shadow_style,%91object Object%93&#8243; header_6_text_shadow_vertical_length_tablet=&#8221;0px&#8221; header_6_text_shadow_blur_strength=&#8221;header_6_text_shadow_style,%91object Object%93&#8243; header_6_text_shadow_blur_strength_tablet=&#8221;1px&#8221; box_shadow_horizontal_tablet=&#8221;0px&#8221; box_shadow_vertical_tablet=&#8221;0px&#8221; box_shadow_blur_tablet=&#8221;40px&#8221; box_shadow_spread_tablet=&#8221;0px&#8221; vertical_offset_tablet=&#8221;0&#8243; horizontal_offset_tablet=&#8221;0&#8243; z_index_tablet=&#8221;0&#8243;]<\/p>\n<p><a href=\"http:\/\/osavdomedjedovic.mojaskola.org\/wp-content\/uploads\/sites\/35\/2023\/12\/Ljetopis-OS-Avdo-Medjedovic-2022-23.pdf\">Ljetopis O\u0160 -Avdo Me\u0111edovi\u0107- 2022-23.<\/a><\/p>\n<p><a href=\"https:\/\/osavdomedjedovic.mojaskola.org\/2022\/09\/30\/ljetopis-2021-2022\/\">Ljetopis O\u0160-Avdo Me\u0111edovi\u0107-<\/a><a href=\"https:\/\/osavdomedjedovic.mojaskola.org\/2022\/09\/30\/ljetopis-2021-2022\/\"> 2021\/2022<\/a><\/p>\n<p>\u00a0<\/p>\n<p><a href=\"https:\/\/drive.google.com\/file\/d\/16veDZk-RMTMIeNSwuouA-cpBxtRrhshY\/view?usp=sharing\">Ljetopis O\u0160- Avdo Me\u0111edovi\u0107 &#8211; 2020-21.<\/a><\/p>\n<div>\u00a0<\/div>\n<div>\u00a0<\/div>\n<div><a href=\"https:\/\/osavdomedjedovic.mojaskola.org\/wp-content\/uploads\/sites\/35\/2021\/09\/Ljetopis-OS-Avdo-Medjedovic-2019-20..pdf\">Ljetopis O\u0160 -Avdo Me\u0111edovi\u0107- 2019-20.<\/a><\/div>\n<div><a href=\"https:\/\/osavdomedjedovic.mojaskola.org\/wp-content\/uploads\/sites\/35\/2021\/09\/Ljetopis-OS-Avdo-Medjedovic-2018-19.-2.pdf\">Ljetopis O\u0160 -Avdo Me\u0111edovi\u0107- 2018-19.<\/a><\/div>\n<div>\u00a0<\/div>\n<p><a href=\"https:\/\/drive.google.com\/file\/d\/1gYjG3YMaphKTojFrj6neNdd1jdM6LiUp\/view?usp=sharing\">Ljetopis O\u0160 -Avdo Me\u0111edovi\u0107 &#8211; 2007-2018.<\/a><\/p>\n<p>\u00a0<\/p>\n<p>\u00a0<\/p>\n<p>[\/et_pb_text][\/et_pb_column][\/et_pb_row][\/et_pb_section]<\/p>\n","protected":false},"excerpt":{"rendered":"<p>Ljetopis O\u0160 -Avdo Me\u0111edovi\u0107- 2022-23.Ljetopis O\u0160-Avdo Me\u0111edovi\u0107- 2021\/2022\u00a0Ljetopis O\u0160- Avdo Me\u0111edovi\u0107 &#8211; 2020-21.\u00a0\u00a0Ljetopis O\u0160 -Avdo Me\u0111edovi\u0107- 2019-20.Ljetopis O\u0160 -Avdo Me\u0111edovi\u0107- 2018-19.\u00a0Ljetopis O\u0160 -Avdo Me\u0111edovi\u0107 &#8211; 2007-2018.\u00a0\u00a0<\/p>\n","protected":false},"author":70,"featured_media":0,"parent":0,"menu_order":0,"comment_status":"closed","ping_status":"closed","template":"","meta":{"_et_pb_use_builder":"on","_et_pb_old_content":"Link za Ljetopis \u0161k.2020\/2021.godina\r\n\r\nhttps:\/\/drive.google.com\/file\/d\/1g2IrZ024xkxxgVAgeu_ArqambndD3fE2\/view?usp=sharing\r\n<div><\/div>\r\n<div><\/div>\r\n<div><a href=\"http:\/\/osavdomedjedovic.mojaskola.org\/wp-content\/uploads\/sites\/35\/2021\/09\/Ljetopis-OS-Avdo-Medjedovic-2019-20..pdf\">Ljetopis O\u0160 -Avdo Me\u0111edovi\u0107- 2019-20.<\/a><\/div>\r\n<div><a href=\"http:\/\/osavdomedjedovic.mojaskola.org\/wp-content\/uploads\/sites\/35\/2021\/09\/Ljetopis-OS-Avdo-Medjedovic-2018-19.-2.pdf\">Ljetopis O\u0160 -Avdo Me\u0111edovi\u0107- 2018-19.<\/a><\/div>\r\n<div><\/div>\r\nLink za Ljetopis 2007-2018\r\n\r\nhttps:\/\/drive.google.com\/file\/d\/1gYjG3YMaphKTojFrj6neNdd1jdM6LiUp\/view?usp=sharing\r\n\r\n\u00a0","_et_gb_content_width":"","footnotes":""},"class_list":["post-263885","page","type-page","status-publish","hentry"],"_links":{"self":[{"href":"https:\/\/osavdomedjedovic.mojaskola.org\/index.php?rest_route=\/wp\/v2\/pages\/263885","targetHints":{"allow":["GET"]}}],"collection":[{"href":"https:\/\/osavdomedjedovic.mojaskola.org\/index.php?rest_route=\/wp\/v2\/pages"}],"about":[{"href":"https:\/\/osavdomedjedovic.mojaskola.org\/index.php?rest_route=\/wp\/v2\/types\/page"}],"author":[{"embeddable":true,"href":"https:\/\/osavdomedjedovic.mojaskola.org\/index.php?rest_route=\/wp\/v2\/users\/70"}],"replies":[{"embeddable":true,"href":"https:\/\/osavdomedjedovic.mojaskola.org\/index.php?rest_route=%2Fwp%2Fv2%2Fcomments&post=263885"}],"version-history":[{"count":2,"href":"https:\/\/osavdomedjedovic.mojaskola.org\/index.php?rest_route=\/wp\/v2\/pages\/263885\/revisions"}],"predecessor-version":[{"id":266209,"href":"https:\/\/osavdomedjedovic.mojaskola.org\/index.php?rest_route=\/wp\/v2\/pages\/263885\/revisions\/266209"}],"wp:attachment":[{"href":"https:\/\/osavdomedjedovic.mojaskola.org\/index.php?rest_route=%2Fwp%2Fv2%2Fmedia&parent=263885"}],"curies":[{"name":"wp","href":"https:\/\/api.w.org\/{rel}","templated":true}]}}